{"id":1052,"date":"2023-02-14T15:31:44","date_gmt":"2023-02-14T15:31:44","guid":{"rendered":"https:\/\/weinheimtaxi.de\/?page_id=1052"},"modified":"2025-03-26T12:25:47","modified_gmt":"2025-03-26T12:25:47","slug":"ueber-uns","status":"publish","type":"page","link":"https:\/\/weinheimtaxi.de\/index.php\/ueber-uns\/","title":{"rendered":"\u00dcber uns"},"content":{"rendered":"\n<div class=\"wp-block-cover alignfull\" style=\"min-height:600px;aspect-ratio:unset;\"><span aria-hidden=\"true\" class=\"wp-block-cover__background has-nv-dark-bg-background-color has-background-dim-100 has-background-dim\"><\/span><div class=\"wp-block-cover__inner-container is-layout-flow wp-block-cover-is-layout-flow\">\n<div class=\"wp-block-group\"><div class=\"wp-block-group__inner-container is-layout-flow wp-block-group-is-layout-flow\">\n<div style=\"height:80px\" aria-hidden=\"true\" class=\"wp-block-spacer\"><\/div>\n\n\n\n<div class=\"wp-block-columns are-vertically-aligned-center is-layout-flex wp-container-core-columns-is-layout-9d6595d7 wp-block-columns-is-layout-flex\">\n<div class=\"wp-block-column is-vertically-aligned-center is-layout-flow wp-block-column-is-layout-flow\" style=\"flex-basis:50%\">\n<figure class=\"wp-block-image size-large is-resized\"><img loading=\"lazy\" decoding=\"async\" width=\"1024\" height=\"768\" src=\"https:\/\/weinheimtaxi.de\/wp-content\/uploads\/2021\/03\/b2769c28-b458-4b1a-a2e8-c40898d5d5b8-1.jpg\" alt=\"\" class=\"wp-image-409\" style=\"width:625px;height:468px\" srcset=\"https:\/\/weinheimtaxi.de\/wp-content\/uploads\/2021\/03\/b2769c28-b458-4b1a-a2e8-c40898d5d5b8-1.jpg 1024w, https:\/\/weinheimtaxi.de\/wp-content\/uploads\/2021\/03\/b2769c28-b458-4b1a-a2e8-c40898d5d5b8-1-300x225.jpg 300w, https:\/\/weinheimtaxi.de\/wp-content\/uploads\/2021\/03\/b2769c28-b458-4b1a-a2e8-c40898d5d5b8-1-768x576.jpg 768w\" sizes=\"auto, (max-width: 1024px) 100vw, 1024px\" \/><\/figure>\n<\/div>\n\n\n\n<div class=\"wp-block-column is-vertically-aligned-center is-layout-flow wp-block-column-is-layout-flow\" style=\"flex-basis:50%\">\n<h2 class=\"wp-block-heading has-nv-site-bg-color has-text-color\">Von einem Auto zur regionalen Spitzenklasse<\/h2>\n\n\n\n<p class=\"has-nv-site-bg-color has-text-color\">Wir vom Taxibetrieb Bhatti sind Ihr idealer Ansprechpartner f\u00fcr die unterschiedlichsten Transportauftr\u00e4ge. Vor 15 Jahren starteten wir mit nur einem einzigen Fahrzeug und einer klaren Vision: erstklassige Personenbef\u00f6rderung mit h\u00f6chstem Komfort und Zuverl\u00e4ssigkeit. Dank harter Arbeit, Leidenschaft und dem Vertrauen unserer Kunden haben wir uns stetig weiterentwickelt.<\/p>\n\n\n\n<p class=\"has-nv-site-bg-color has-text-color\">Heute verf\u00fcgen wir \u00fcber eine moderne Flotte aus mehreren Taxis und Omnibussen und geh\u00f6ren zu den f\u00fchrenden Anbietern in der Region. Als Fachbetrieb mit langj\u00e4hriger Erfahrung kennen wir die W\u00fcnsche und Vorstellungen unserer Kunden genau und garantieren Ihnen entspannte und zuverl\u00e4ssige Fahrten. P\u00fcnktlichkeit und freundliche Fahrer sind f\u00fcr uns selbstverst\u00e4ndlich \u2013 erleben Sie erstklassigen Service bei jeder Fahrt mit uns!<\/p>\n<\/div>\n<\/div>\n\n\n\n<div style=\"height:40px\" aria-hidden=\"true\" class=\"wp-block-spacer\"><\/div>\n<\/div><\/div>\n<\/div><\/div>\n\n\n\n<div class=\"wp-block-cover alignfull\" style=\"min-height:600px;aspect-ratio:unset;\"><span aria-hidden=\"true\" class=\"wp-block-cover__background has-nv-text-dark-bg-background-color has-background-dim-100 has-background-dim\"><\/span><div class=\"wp-block-cover__inner-container is-layout-flow wp-block-cover-is-layout-flow\">\n<div class=\"wp-block-group\"><div class=\"wp-block-group__inner-container is-layout-flow wp-block-group-is-layout-flow\">\n<div style=\"height:80px\" aria-hidden=\"true\" class=\"wp-block-spacer\"><\/div>\n\n\n\n<div class=\"wp-block-columns are-vertically-aligned-center is-layout-flex wp-container-core-columns-is-layout-9d6595d7 wp-block-columns-is-layout-flex\">\n<div class=\"wp-block-column is-vertically-aligned-center is-layout-flow wp-block-column-is-layout-flow\" style=\"flex-basis:50%\">\n<figure class=\"wp-block-image size-large is-resized\"><img loading=\"lazy\" decoding=\"async\" width=\"1024\" height=\"682\" src=\"https:\/\/weinheimtaxi.de\/wp-content\/uploads\/2021\/03\/Flughafen-1024x682.jpg\" alt=\"\" class=\"wp-image-401\" style=\"width:642px;height:427px\" srcset=\"https:\/\/weinheimtaxi.de\/wp-content\/uploads\/2021\/03\/Flughafen-1024x682.jpg 1024w, https:\/\/weinheimtaxi.de\/wp-content\/uploads\/2021\/03\/Flughafen-300x200.jpg 300w, https:\/\/weinheimtaxi.de\/wp-content\/uploads\/2021\/03\/Flughafen-768x512.jpg 768w, https:\/\/weinheimtaxi.de\/wp-content\/uploads\/2021\/03\/Flughafen-1536x1024.jpg 1536w, https:\/\/weinheimtaxi.de\/wp-content\/uploads\/2021\/03\/Flughafen-930x620.jpg 930w, https:\/\/weinheimtaxi.de\/wp-content\/uploads\/2021\/03\/Flughafen.jpg 2000w\" sizes=\"auto, (max-width: 1024px) 100vw, 1024px\" \/><\/figure>\n<\/div>\n\n\n\n<div class=\"wp-block-column is-vertically-aligned-center is-layout-flow wp-block-column-is-layout-flow\" style=\"flex-basis:50%\">\n<h2 class=\"wp-block-heading has-neve-text-color-color has-text-color\">Taxi Weinheim Bhatti<\/h2>\n\n\n\n<p class=\"has-neve-text-color-color has-text-color has-medium-font-size\">WIR FAHREN, SIE GENIE\u00dfEN!<\/p>\n\n\n\n<p class=\"has-neve-text-color-color has-text-color\">Egal ob Frankfurt Flughafen, Stuttgart Flughafen ODER Frankfurt-Hahn Flughafen, WIR FAHREN SIE ZU G\u00dcNSTIGEN PREISEN AN IHR ZIEL! Wir bieten Ihnen faire Festpreise an. Das hei\u00dft: Sie zahlen nur den ausgemachten Fahrpreis. Buchen Sie heute noch Ihren Transfer Online!<\/p>\n<\/div>\n<\/div>\n\n\n\n<div style=\"height:40px\" aria-hidden=\"true\" class=\"wp-block-spacer\"><\/div>\n<\/div><\/div>\n<\/div><\/div>\n\n\n\n<div class=\"wp-block-cover alignfull\" style=\"min-height:600px;aspect-ratio:unset;\"><span aria-hidden=\"true\" class=\"wp-block-cover__background has-nv-dark-bg-background-color has-background-dim-100 has-background-dim\"><\/span><div class=\"wp-block-cover__inner-container is-layout-flow wp-block-cover-is-layout-flow\">\n<div class=\"wp-block-group\"><div class=\"wp-block-group__inner-container is-layout-flow wp-block-group-is-layout-flow\">\n<div style=\"height:80px\" aria-hidden=\"true\" class=\"wp-block-spacer\"><\/div>\n\n\n\n<div class=\"wp-block-columns are-vertically-aligned-center is-layout-flex wp-container-core-columns-is-layout-9d6595d7 wp-block-columns-is-layout-flex\">\n<div class=\"wp-block-column is-vertically-aligned-center is-layout-flow wp-block-column-is-layout-flow\" style=\"flex-basis:50%\">\n<h2 class=\"wp-block-heading has-nv-text-dark-bg-color has-text-color\">ABHOLUNGEN AM AIRPORT FRANKFURT<\/h2>\n\n\n\n<p class=\"has-nv-text-dark-bg-color has-text-color\">Wir holen Sie auch am Flughafen ab. Buchen Sie Ihre R\u00fcckfahrt vom Flughafen an Ihre Wunschadresse. Wir halten uns nach Ihrer Landung bereits am Flughafen auf. Bei Ihrer Buchung erhalten Sie weitere Informationen rund um die Abholung am Flughafen.<\/p>\n\n\n\n<div style=\"height:20px\" aria-hidden=\"true\" class=\"wp-block-spacer\"><\/div>\n<\/div>\n\n\n\n<div class=\"wp-block-column is-vertically-aligned-center is-layout-flow wp-block-column-is-layout-flow\" style=\"flex-basis:50%\">\n<figure class=\"wp-block-image size-large\"><img loading=\"lazy\" decoding=\"async\" width=\"1024\" height=\"489\" src=\"https:\/\/weinheimtaxi.de\/wp-content\/uploads\/2021\/03\/f2-1024x489.jpg\" alt=\"\" class=\"wp-image-407\" srcset=\"https:\/\/weinheimtaxi.de\/wp-content\/uploads\/2021\/03\/f2-1024x489.jpg 1024w, https:\/\/weinheimtaxi.de\/wp-content\/uploads\/2021\/03\/f2-300x143.jpg 300w, https:\/\/weinheimtaxi.de\/wp-content\/uploads\/2021\/03\/f2-768x367.jpg 768w, https:\/\/weinheimtaxi.de\/wp-content\/uploads\/2021\/03\/f2-1536x733.jpg 1536w, https:\/\/weinheimtaxi.de\/wp-content\/uploads\/2021\/03\/f2.jpg 1600w\" sizes=\"auto, (max-width: 1024px) 100vw, 1024px\" \/><\/figure>\n<\/div>\n<\/div>\n\n\n\n<div style=\"height:40px\" aria-hidden=\"true\" class=\"wp-block-spacer\"><\/div>\n<\/div><\/div>\n<\/div><\/div>\n","protected":false},"excerpt":{"rendered":"","protected":false},"author":2,"featured_media":0,"parent":0,"menu_order":0,"comment_status":"closed","ping_status":"closed","template":"","meta":{"neve_meta_sidebar":"default","neve_meta_container":"default","neve_meta_enable_content_width":"on","neve_meta_content_width":100,"neve_meta_title_alignment":"","neve_meta_author_avatar":"","neve_post_elements_order":"","neve_meta_disable_header":"","neve_meta_disable_footer":"","neve_meta_disable_title":"on","_joinchat":[],"footnotes":""},"class_list":["post-1052","page","type-page","status-publish","hentry"],"yoast_head":"<!-- This site is optimized with the Yoast SEO plugin v27.4 - https:\/\/yoast.com\/product\/yoast-seo-wordpress\/ -->\n<title>\u00dcber uns - Taxi Weinheim &amp; Omnibusbetrieb Bhatti jetzt bestellen - kontaktieren Sie uns<\/title>\n<meta name=\"description\" content=\"Taxi Weinheim Taxifahrten Stadtfahrten Flughafentransfer Krankenfahrten Rollstuhlfahren VIP Shuttle VIP Taxi Kurierfahrten Sch\u00fclerfahrten\" \/>\n<meta name=\"robots\" content=\"index, follow, max-snippet:-1, max-image-preview:large, max-video-preview:-1\" \/>\n<link rel=\"canonical\" href=\"https:\/\/weinheimtaxi.de\/index.php\/ueber-uns\/\" \/>\n<meta property=\"og:locale\" content=\"de_DE\" \/>\n<meta property=\"og:type\" content=\"article\" \/>\n<meta property=\"og:title\" content=\"\u00dcber uns - Taxi Weinheim &amp; Omnibusbetrieb Bhatti jetzt bestellen - kontaktieren Sie uns\" \/>\n<meta property=\"og:description\" content=\"Taxi Weinheim Taxifahrten Stadtfahrten Flughafentransfer Krankenfahrten Rollstuhlfahren VIP Shuttle VIP Taxi Kurierfahrten Sch\u00fclerfahrten\" \/>\n<meta property=\"og:url\" content=\"https:\/\/weinheimtaxi.de\/index.php\/ueber-uns\/\" \/>\n<meta property=\"og:site_name\" content=\"Taxi Weinheim &amp; Omnibusbetrieb Bhatti\" \/>\n<meta property=\"article:modified_time\" content=\"2025-03-26T12:25:47+00:00\" \/>\n<meta property=\"og:image\" content=\"https:\/\/weinheimtaxi.de\/wp-content\/uploads\/2021\/03\/b2769c28-b458-4b1a-a2e8-c40898d5d5b8-1.jpg\" \/>\n\t<meta property=\"og:image:width\" content=\"1024\" \/>\n\t<meta property=\"og:image:height\" content=\"768\" \/>\n\t<meta property=\"og:image:type\" content=\"image\/jpeg\" \/>\n<meta name=\"twitter:card\" content=\"summary_large_image\" \/>\n<meta name=\"twitter:label1\" content=\"Gesch\u00e4tzte Lesezeit\" \/>\n\t<meta name=\"twitter:data1\" content=\"2\u00a0Minuten\" \/>\n<script type=\"application\/ld+json\" class=\"yoast-schema-graph\">{\"@context\":\"https:\\\/\\\/schema.org\",\"@graph\":[{\"@type\":\"WebPage\",\"@id\":\"https:\\\/\\\/weinheimtaxi.de\\\/index.php\\\/ueber-uns\\\/\",\"url\":\"https:\\\/\\\/weinheimtaxi.de\\\/index.php\\\/ueber-uns\\\/\",\"name\":\"\u00dcber uns - Taxi Weinheim &amp; Omnibusbetrieb Bhatti jetzt bestellen - kontaktieren Sie uns\",\"isPartOf\":{\"@id\":\"https:\\\/\\\/weinheimtaxi.de\\\/#website\"},\"primaryImageOfPage\":{\"@id\":\"https:\\\/\\\/weinheimtaxi.de\\\/index.php\\\/ueber-uns\\\/#primaryimage\"},\"image\":{\"@id\":\"https:\\\/\\\/weinheimtaxi.de\\\/index.php\\\/ueber-uns\\\/#primaryimage\"},\"thumbnailUrl\":\"https:\\\/\\\/weinheimtaxi.de\\\/wp-content\\\/uploads\\\/2021\\\/03\\\/b2769c28-b458-4b1a-a2e8-c40898d5d5b8-1.jpg\",\"datePublished\":\"2023-02-14T15:31:44+00:00\",\"dateModified\":\"2025-03-26T12:25:47+00:00\",\"description\":\"Taxi Weinheim Taxifahrten Stadtfahrten Flughafentransfer Krankenfahrten Rollstuhlfahren VIP Shuttle VIP Taxi Kurierfahrten Sch\u00fclerfahrten\",\"breadcrumb\":{\"@id\":\"https:\\\/\\\/weinheimtaxi.de\\\/index.php\\\/ueber-uns\\\/#breadcrumb\"},\"inLanguage\":\"de\",\"potentialAction\":[{\"@type\":\"ReadAction\",\"target\":[\"https:\\\/\\\/weinheimtaxi.de\\\/index.php\\\/ueber-uns\\\/\"]}]},{\"@type\":\"ImageObject\",\"inLanguage\":\"de\",\"@id\":\"https:\\\/\\\/weinheimtaxi.de\\\/index.php\\\/ueber-uns\\\/#primaryimage\",\"url\":\"https:\\\/\\\/weinheimtaxi.de\\\/wp-content\\\/uploads\\\/2021\\\/03\\\/b2769c28-b458-4b1a-a2e8-c40898d5d5b8-1.jpg\",\"contentUrl\":\"https:\\\/\\\/weinheimtaxi.de\\\/wp-content\\\/uploads\\\/2021\\\/03\\\/b2769c28-b458-4b1a-a2e8-c40898d5d5b8-1.jpg\",\"width\":1024,\"height\":768},{\"@type\":\"BreadcrumbList\",\"@id\":\"https:\\\/\\\/weinheimtaxi.de\\\/index.php\\\/ueber-uns\\\/#breadcrumb\",\"itemListElement\":[{\"@type\":\"ListItem\",\"position\":1,\"name\":\"Startseite\",\"item\":\"https:\\\/\\\/weinheimtaxi.de\\\/\"},{\"@type\":\"ListItem\",\"position\":2,\"name\":\"\u00dcber uns\"}]},{\"@type\":\"WebSite\",\"@id\":\"https:\\\/\\\/weinheimtaxi.de\\\/#website\",\"url\":\"https:\\\/\\\/weinheimtaxi.de\\\/\",\"name\":\"Taxi Weinheim &amp; Omnibusbetrieb Bhatti\",\"description\":\"Taxiunternehmen in Weinheim\",\"publisher\":{\"@id\":\"https:\\\/\\\/weinheimtaxi.de\\\/#organization\"},\"potentialAction\":[{\"@type\":\"SearchAction\",\"target\":{\"@type\":\"EntryPoint\",\"urlTemplate\":\"https:\\\/\\\/weinheimtaxi.de\\\/?s={search_term_string}\"},\"query-input\":{\"@type\":\"PropertyValueSpecification\",\"valueRequired\":true,\"valueName\":\"search_term_string\"}}],\"inLanguage\":\"de\"},{\"@type\":\"Organization\",\"@id\":\"https:\\\/\\\/weinheimtaxi.de\\\/#organization\",\"name\":\"Taxi Weinheim &amp; Omnibusbetrieb Bhatti\",\"url\":\"https:\\\/\\\/weinheimtaxi.de\\\/\",\"logo\":{\"@type\":\"ImageObject\",\"inLanguage\":\"de\",\"@id\":\"https:\\\/\\\/weinheimtaxi.de\\\/#\\\/schema\\\/logo\\\/image\\\/\",\"url\":\"https:\\\/\\\/weinheimtaxi.de\\\/wp-content\\\/uploads\\\/2021\\\/03\\\/cropped-Logo02.png\",\"contentUrl\":\"https:\\\/\\\/weinheimtaxi.de\\\/wp-content\\\/uploads\\\/2021\\\/03\\\/cropped-Logo02.png\",\"width\":877,\"height\":185,\"caption\":\"Taxi Weinheim &amp; Omnibusbetrieb Bhatti\"},\"image\":{\"@id\":\"https:\\\/\\\/weinheimtaxi.de\\\/#\\\/schema\\\/logo\\\/image\\\/\"}}]}<\/script>\n<!-- \/ Yoast SEO plugin. -->","yoast_head_json":{"title":"\u00dcber uns - Taxi Weinheim &amp; Omnibusbetrieb Bhatti jetzt bestellen - kontaktieren Sie uns","description":"Taxi Weinheim Taxifahrten Stadtfahrten Flughafentransfer Krankenfahrten Rollstuhlfahren VIP Shuttle VIP Taxi Kurierfahrten Sch\u00fclerfahrten","robots":{"index":"index","follow":"follow","max-snippet":"max-snippet:-1","max-image-preview":"max-image-preview:large","max-video-preview":"max-video-preview:-1"},"canonical":"https:\/\/weinheimtaxi.de\/index.php\/ueber-uns\/","og_locale":"de_DE","og_type":"article","og_title":"\u00dcber uns - Taxi Weinheim &amp; Omnibusbetrieb Bhatti jetzt bestellen - kontaktieren Sie uns","og_description":"Taxi Weinheim Taxifahrten Stadtfahrten Flughafentransfer Krankenfahrten Rollstuhlfahren VIP Shuttle VIP Taxi Kurierfahrten Sch\u00fclerfahrten","og_url":"https:\/\/weinheimtaxi.de\/index.php\/ueber-uns\/","og_site_name":"Taxi Weinheim &amp; Omnibusbetrieb Bhatti","article_modified_time":"2025-03-26T12:25:47+00:00","og_image":[{"width":1024,"height":768,"url":"https:\/\/weinheimtaxi.de\/wp-content\/uploads\/2021\/03\/b2769c28-b458-4b1a-a2e8-c40898d5d5b8-1.jpg","type":"image\/jpeg"}],"twitter_card":"summary_large_image","twitter_misc":{"Gesch\u00e4tzte Lesezeit":"2\u00a0Minuten"},"schema":{"@context":"https:\/\/schema.org","@graph":[{"@type":"WebPage","@id":"https:\/\/weinheimtaxi.de\/index.php\/ueber-uns\/","url":"https:\/\/weinheimtaxi.de\/index.php\/ueber-uns\/","name":"\u00dcber uns - Taxi Weinheim &amp; Omnibusbetrieb Bhatti jetzt bestellen - kontaktieren Sie uns","isPartOf":{"@id":"https:\/\/weinheimtaxi.de\/#website"},"primaryImageOfPage":{"@id":"https:\/\/weinheimtaxi.de\/index.php\/ueber-uns\/#primaryimage"},"image":{"@id":"https:\/\/weinheimtaxi.de\/index.php\/ueber-uns\/#primaryimage"},"thumbnailUrl":"https:\/\/weinheimtaxi.de\/wp-content\/uploads\/2021\/03\/b2769c28-b458-4b1a-a2e8-c40898d5d5b8-1.jpg","datePublished":"2023-02-14T15:31:44+00:00","dateModified":"2025-03-26T12:25:47+00:00","description":"Taxi Weinheim Taxifahrten Stadtfahrten Flughafentransfer Krankenfahrten Rollstuhlfahren VIP Shuttle VIP Taxi Kurierfahrten Sch\u00fclerfahrten","breadcrumb":{"@id":"https:\/\/weinheimtaxi.de\/index.php\/ueber-uns\/#breadcrumb"},"inLanguage":"de","potentialAction":[{"@type":"ReadAction","target":["https:\/\/weinheimtaxi.de\/index.php\/ueber-uns\/"]}]},{"@type":"ImageObject","inLanguage":"de","@id":"https:\/\/weinheimtaxi.de\/index.php\/ueber-uns\/#primaryimage","url":"https:\/\/weinheimtaxi.de\/wp-content\/uploads\/2021\/03\/b2769c28-b458-4b1a-a2e8-c40898d5d5b8-1.jpg","contentUrl":"https:\/\/weinheimtaxi.de\/wp-content\/uploads\/2021\/03\/b2769c28-b458-4b1a-a2e8-c40898d5d5b8-1.jpg","width":1024,"height":768},{"@type":"BreadcrumbList","@id":"https:\/\/weinheimtaxi.de\/index.php\/ueber-uns\/#breadcrumb","itemListElement":[{"@type":"ListItem","position":1,"name":"Startseite","item":"https:\/\/weinheimtaxi.de\/"},{"@type":"ListItem","position":2,"name":"\u00dcber uns"}]},{"@type":"WebSite","@id":"https:\/\/weinheimtaxi.de\/#website","url":"https:\/\/weinheimtaxi.de\/","name":"Taxi Weinheim &amp; Omnibusbetrieb Bhatti","description":"Taxiunternehmen in Weinheim","publisher":{"@id":"https:\/\/weinheimtaxi.de\/#organization"},"potentialAction":[{"@type":"SearchAction","target":{"@type":"EntryPoint","urlTemplate":"https:\/\/weinheimtaxi.de\/?s={search_term_string}"},"query-input":{"@type":"PropertyValueSpecification","valueRequired":true,"valueName":"search_term_string"}}],"inLanguage":"de"},{"@type":"Organization","@id":"https:\/\/weinheimtaxi.de\/#organization","name":"Taxi Weinheim &amp; Omnibusbetrieb Bhatti","url":"https:\/\/weinheimtaxi.de\/","logo":{"@type":"ImageObject","inLanguage":"de","@id":"https:\/\/weinheimtaxi.de\/#\/schema\/logo\/image\/","url":"https:\/\/weinheimtaxi.de\/wp-content\/uploads\/2021\/03\/cropped-Logo02.png","contentUrl":"https:\/\/weinheimtaxi.de\/wp-content\/uploads\/2021\/03\/cropped-Logo02.png","width":877,"height":185,"caption":"Taxi Weinheim &amp; Omnibusbetrieb Bhatti"},"image":{"@id":"https:\/\/weinheimtaxi.de\/#\/schema\/logo\/image\/"}}]}},"_links":{"self":[{"href":"https:\/\/weinheimtaxi.de\/index.php\/wp-json\/wp\/v2\/pages\/1052","targetHints":{"allow":["GET"]}}],"collection":[{"href":"https:\/\/weinheimtaxi.de\/index.php\/wp-json\/wp\/v2\/pages"}],"about":[{"href":"https:\/\/weinheimtaxi.de\/index.php\/wp-json\/wp\/v2\/types\/page"}],"author":[{"embeddable":true,"href":"https:\/\/weinheimtaxi.de\/index.php\/wp-json\/wp\/v2\/users\/2"}],"replies":[{"embeddable":true,"href":"https:\/\/weinheimtaxi.de\/index.php\/wp-json\/wp\/v2\/comments?post=1052"}],"version-history":[{"count":2,"href":"https:\/\/weinheimtaxi.de\/index.php\/wp-json\/wp\/v2\/pages\/1052\/revisions"}],"predecessor-version":[{"id":1462,"href":"https:\/\/weinheimtaxi.de\/index.php\/wp-json\/wp\/v2\/pages\/1052\/revisions\/1462"}],"wp:attachment":[{"href":"https:\/\/weinheimtaxi.de\/index.php\/wp-json\/wp\/v2\/media?parent=1052"}],"curies":[{"name":"wp","href":"https:\/\/api.w.org\/{rel}","templated":true}]}}